{"id":101,"date":"2025-05-22T16:50:22","date_gmt":"2025-05-22T14:50:22","guid":{"rendered":"https:\/\/detectfraude.fr\/?page_id=101"},"modified":"2025-05-22T16:54:18","modified_gmt":"2025-05-22T14:54:18","slug":"politique-cookies","status":"publish","type":"page","link":"https:\/\/detectfraude.fr\/index.php\/politique-cookies\/","title":{"rendered":"Politique cookies"},"content":{"rendered":"\n<p><a><strong>POLITIQUE COOKIES<\/strong><\/a><a href=\"#_msocom_1\">[F1]<\/a>&nbsp;<strong><\/strong><\/p>\n\n\n\n<p>La pr\u00e9sente politique cookies (ci-apr\u00e8s la \u00ab <strong>Politique cookies<\/strong> \u00bb) a pour objet d\u2019informer sur la mani\u00e8re dont la soci\u00e9t\u00e9 D\u2019T DETECT\u2019FRAUDE (ci-apr\u00e8s, \u00ab&nbsp;<strong>DETECT\u2019FRAUDE<\/strong>&nbsp;\u00bb), en sa qualit\u00e9 de responsable de traitement, utilise des cookies pour faciliter le rapport des utilisateurs (ci-apr\u00e8s \u00ab&nbsp;<strong>l\u2019Utilisateur<\/strong>&nbsp;\u00bb) avec le contenu de son site internet disponible \u00e0 l\u2019URL &lt; <a href=\"https:\/\/detectfraude.fr\/\">https:\/\/detectfraude.fr\/<\/a> &gt; (ci-apr\u00e8s le \u00ab&nbsp;<strong>Site<\/strong>&nbsp;\u00bb) lors de leur navigation.<\/p>\n\n\n\n<ol class=\"wp-block-list\">\n<li><strong><u>Qu\u2019est-ce qu\u2019un cookie&nbsp;?<\/u><\/strong><\/li>\n<\/ol>\n\n\n\n<p>Les cookies sont de petits fichiers texte qui se sont plac\u00e9s et stock\u00e9s sur le disque dur du terminal de l\u2019Utilisateur ou de tout autre appareil optimis\u00e9 pour Internet lors de la consultation du Site. Les cookies permettent \u00e0 un site internet de reconna\u00eetre l\u2019Utilisateur, de signaler son passage sur telle ou telle page et de lui apporter un service additionnel : l\u2019am\u00e9lioration de son confort de navigation, la s\u00e9curisation de sa connexion et l\u2019adaptation du contenu d\u2019une page \u00e0 ses centres d\u2019int\u00e9r\u00eat.<\/p>\n\n\n\n<p>Les informations stock\u00e9es par les cookies, pendant une dur\u00e9e de validit\u00e9 limit\u00e9e, portent notamment sur les pages visit\u00e9es, les publicit\u00e9s sur lesquelles l\u2019Utilisateur a cliqu\u00e9es, le type de navigateur utilis\u00e9, les informations saisies sur un site afin d\u2019\u00e9viter au visiteur de les saisir \u00e0 nouveau. Ces informations sont parfois rattach\u00e9es \u00e0 l\u2019adresse IP de l\u2019Utilisateur.<\/p>\n\n\n\n<ul class=\"wp-block-list\">\n<li><strong><u>Quel est l\u2019objectif du cookie ?<\/u><\/strong><\/li>\n<\/ul>\n\n\n\n<p>Le but des cookies est de fournir \u00e0 l\u2019Utilisateur un acc\u00e8s plus rapide aux services s\u00e9lectionn\u00e9s.<\/p>\n\n\n\n<p>Cette information ne r\u00e9v\u00e8le pas de l\u2019identit\u00e9 de l\u2019Utilisateur, ni aucune de ses donn\u00e9es personnelles. Cela ne permet pas non plus d\u2019acc\u00e9der au contenu stock\u00e9 sur son appareil via lequel il acc\u00e8de au Site, mais permet en revanche au syst\u00e8me d\u2019identifier l\u2019Utilisateur un utilisateur d\u00e9termin\u00e9 qui a visit\u00e9 le Site ant\u00e9rieurement, qui a visualis\u00e9 des pages d\u00e9termin\u00e9es etc. Cela permet \u00e9galement de conserver les pr\u00e9f\u00e9rences personnelles de l\u2019Utilisateur et une information technique comme les visites effectu\u00e9es ou les pages concr\u00e8tes que l\u2019Utilisateur visite.<\/p>\n\n\n\n<ul class=\"wp-block-list\">\n<li><strong><u>Qui peut placer des cookies ?<\/u><\/strong><\/li>\n<\/ul>\n\n\n\n<p>Les cookies sont plac\u00e9s directement par le Site.<\/p>\n\n\n\n<p><a>Des cookies tiers<\/a><a href=\"#_msocom_2\">[F2]<\/a>&nbsp; peuvent \u00e9galement \u00eatre plac\u00e9s par des partenaires et\/ou prestataires de services que DETECT\u2019FRAUDE a s\u00e9lectionn\u00e9s, notamment pour mesurer le trafic sur le Site, permettre \u00e0 l\u2019Utilisateur de discuter avec un repr\u00e9sentant sur service client ou partager du contenu avec d\u2019autres personnes sur les r\u00e9seaux sociaux.<\/p>\n\n\n\n<ul class=\"wp-block-list\">\n<li><strong><u>Quels sont les types de cookies utilis\u00e9s&nbsp;?<\/u><\/strong><\/li>\n<\/ul>\n\n\n\n<p>Les cookies Essentiels<\/p>\n\n\n\n<p>Il s&#8217;agit des cookies indispensables \u00e0 la navigation sur le Site qui permettent \u00e0 l\u2019Utilisateur d&#8217;utiliser les principales fonctionnalit\u00e9s du Site et de s\u00e9curiser sa connexion, et notamment&nbsp;les traceurs :<\/p>\n\n\n\n<ul class=\"wp-block-list\">\n<li>conservant le choix de l\u2019Utilisateur exprim\u00e9 sur le d\u00e9p\u00f4t de cookies ou sa volont\u00e9 de ne pas exprimer un choix quant au d\u00e9p\u00f4t de cookies&nbsp;;<\/li>\n\n\n\n<li>destin\u00e9s \u00e0 l\u2019authentification de l\u2019utilisateur sur le Site&nbsp;;<\/li>\n\n\n\n<li>de personnalisation de son interface (choix de la langue, pr\u00e9sentation, etc.), lorsqu\u2019une telle personnalisation constitue un \u00e9l\u00e9ment intrins\u00e8que et attendu par l\u2019utilisateur.<\/li>\n<\/ul>\n\n\n\n<p>Les cookies de fonctionnalit\u00e9s<\/p>\n\n\n\n<p>Il s\u2019agit des cookies qui permettent de m\u00e9moriser les pr\u00e9f\u00e9rences d\u2019utilisation de l\u2019Utilisateur et d\u2019optimiser le fonctionnement du Site. Ils permettent \u00e9galement d\u2019adapter la pr\u00e9sentation du Site \u00e0 ses pr\u00e9f\u00e9rences.<\/p>\n\n\n\n<p>Les cookies analytiques<\/p>\n\n\n\n<p>Afin de r\u00e9pondre aux demandes de l\u2019Utilisateur, DETECT\u2019FRAUDE mesure le nombre de visites, le nombre de pages consult\u00e9es ainsi que son activit\u00e9 sur le Site et sa fr\u00e9quence de retour. Ces cookies permettent d\u2019\u00e9tablir des statistiques d\u2019analyse de la fr\u00e9quentation \u00e0 partir desquels les contenus de notre Site sont am\u00e9lior\u00e9s en fonction du succ\u00e8s rencontr\u00e9 par telle ou telle page aupr\u00e8s des visites de l\u2019Utilisateur.<\/p>\n\n\n\n<p>Les cookies de ciblage<\/p>\n\n\n\n<p>Ces cookies sont utilis\u00e9s sur certaines pages du Site afin de permettre \u00e0 l\u2019Utilisateur de partager les pages et le contenu que vous trouvez int\u00e9ressants sur le le Site vers des r\u00e9seaux sociaux tiers et d\u2019autres sites Internet. Certains d\u2019entre eux sont \u00e9galement employ\u00e9s \u00e0 des fins publicitaires, pour diffuser des messages publicitaires davantage pertinents pour l\u2019Utilisateur sur des plateformes tierces. Ils ont enfin pour fonction d\u2019emp\u00eacher qu\u2019une m\u00eame publicit\u00e9 apparaisse \u00e0 plusieurs reprises, de s\u00e9lectionner des publicit\u00e9s en fonction des centres d\u2019int\u00e9r\u00eats de l\u2019Utilisateur.<\/p>\n\n\n\n<p>Ces cookies ont une dur\u00e9e de vie pour le temps de la session et, au maximum, de treize mois.<\/p>\n\n\n\n<ul class=\"wp-block-list\">\n<li><strong><u>Quels sont les choix en mati\u00e8re de cookies&nbsp;?<\/u><\/strong><\/li>\n<\/ul>\n\n\n\n<p>L\u2019Utilisateur peut choisir d\u2019accepter le d\u00e9p\u00f4t de cookies sur le terminal et revenir sur cette d\u00e9cision \u00e0 tout moment en modifiant les param\u00e8tres de navigateur internet.<\/p>\n\n\n\n<p>Les navigateurs permettent de g\u00e9rer les cookies de 3 mani\u00e8res diff\u00e9rentes :<\/p>\n\n\n\n<ul class=\"wp-block-list\">\n<li>Les cookies sont tous rejet\u00e9s ;<\/li>\n\n\n\n<li>Le navigateur demande si l\u2019Utilisateur souhaite installer chaque cookie;<\/li>\n\n\n\n<li>Les cookies sont tous accept\u00e9s ;<\/li>\n<\/ul>\n\n\n\n<p>Le navigateur inclut ainsi la possibilit\u00e9 de s\u00e9lectionner et param\u00e9trer en d\u00e9tail les cookies que l\u2019Utilisateur souhaite installer sur son terminal. Concr\u00e8tement, l\u2019Utilisateur peut normalement accepter une des options suivantes :<\/p>\n\n\n\n<ul class=\"wp-block-list\">\n<li>Rejeter les cookies sur des noms de domaine d\u00e9termin\u00e9s ;<\/li>\n\n\n\n<li>Rejeter les cookies tiers ;<\/li>\n\n\n\n<li>Accepter les cookies en tant que non persistants (ils seront \u00e9limin\u00e9s lors de la fermeture du navigateur) ;<\/li>\n\n\n\n<li>Permettre au serveur de cr\u00e9er des cookies pour un nom de domaine diff\u00e9rent.<\/li>\n<\/ul>\n\n\n\n<p>Pour accepter, conna\u00eetre, bloquer ou \u00e9liminer les cookies install\u00e9s sur le terminal, l\u2019Utilisateur peut utiliser la configuration des options du navigateur install\u00e9 sur son terminal.<\/p>\n\n\n\n<p>L\u2019Utilisateur peut trouver des informations sur la mani\u00e8re de configurer les navigateurs les plus utilis\u00e9s en vous rendant aux emplacements suivants :<\/p>\n\n\n\n<ul class=\"wp-block-list\">\n<li>Internet Explorer : Outils -&gt; Options internet -&gt; Confidentialit\u00e9 -&gt; Configuration. Pour plus d\u2019information, vous pouvez consulter le support de Microsoft ou l\u2019aide du navigateur.<\/li>\n<\/ul>\n\n\n\n<ul class=\"wp-block-list\">\n<li>Firefox : Outils -&gt; Options -&gt; Confidentialit\u00e9 -&gt; Historique -&gt; Configuration personnalis\u00e9e. Pour plus d\u2019information, vous pouvez consulter le support de Mozilla ou l\u2019aide du navigateur.<\/li>\n<\/ul>\n\n\n\n<ul class=\"wp-block-list\">\n<li>Chrome : Configuration -&gt; Afficher les options avanc\u00e9es -&gt; Confidentialit\u00e9 -&gt; Configuration de contenu. Pour plus d\u2019information, vous pouvez consulter le support de Google ou l\u2019aide du navigateur.<\/li>\n<\/ul>\n\n\n\n<ul class=\"wp-block-list\">\n<li>Safari : Pr\u00e9f\u00e9rences -&gt; S\u00e9curit\u00e9. Pour plus d\u2019information, vous pouvez consulter le support d\u2019Apple ou l\u2019aide du navigateur.<\/li>\n<\/ul>\n\n\n\n<p>Concernant les cookies tiers, c\u2019est-\u00e0-dire ceux qui sont \u00e9trangers au Site, DETECT\u2019FRAUDE ne sera pas responsable du contenu et de la v\u00e9racit\u00e9 des politiques de confidentialit\u00e9 qu\u2019ils contiennent. C\u2019est pourquoi l\u2019information que DETECT\u2019FRAUDE propose \u00e0 l\u2019Utilisateur fait toujours r\u00e9f\u00e9rence \u00e0 la source.<\/p>\n\n\n\n<p>Les choix de l\u2019Utilisateur en mati\u00e8re de cookies ne seront conserv\u00e9s que six (6) mois, conform\u00e9ment aux recommandations de la CNIL.<\/p>\n\n\n\n<ul class=\"wp-block-list\">\n<li><strong><u>Quels sont les droits en mati\u00e8re de cookies&nbsp;?<\/u><\/strong><\/li>\n<\/ul>\n\n\n\n<p>Conform\u00e9ment \u00e0 la loi fran\u00e7aise Informatique et Libert\u00e9s du 6 janvier 1978 modifi\u00e9e et au r\u00e8glement europ\u00e9en sur la protection des donn\u00e9es (RGPD), l\u2019Utilisateur dispose d\u2019un droit d\u2019acc\u00e8s, de rectification, d\u2019opposition, de limitation, de suppression et de portabilit\u00e9 sur les donn\u00e9es le concernant.<\/p>\n\n\n\n<p>L\u2019Utilisateur peut d\u00e9finir et modifier ses pr\u00e9f\u00e9rences en mati\u00e8re de cookies \u00e0 tout moment en utilisant l\u2019outil de gestion des pr\u00e9f\u00e9rences pour les cookies.<\/p>\n\n\n\n<p>Le fait d\u2019emp\u00eacher le d\u00e9p\u00f4t de cookie sur son terminal ne fait pas dispara\u00eetre les publicit\u00e9s affich\u00e9es sur les contenus que l\u2019Utilisateur consulte en ligne. Son refus ne fait que bloquer l\u2019adaptation de ces publicit\u00e9s \u00e0 ses centres d\u2019int\u00e9r\u00eats tels que d\u00e9duits de son parcours de navigation.<\/p>\n\n\n\n<p>NB : Si le terminal est utilis\u00e9 par plusieurs personnes ou comporte plusieurs navigateurs Internet, il est possible que certains choix en mati\u00e8re de cookie ne soient pas pris en compte de mani\u00e8re permanente, soit parce que l\u2019Utilisateur a utilis\u00e9 un autre navigateur, soit parce qu\u2019un tiers a modifi\u00e9 les param\u00e8tres de son navigateur. DETECT\u2019FRAUDE n\u2019est pas en mesure de pr\u00e9venir ces \u00e9l\u00e9ments ext\u00e9rieurs et ni de garantir la p\u00e9rennit\u00e9 des choix que l\u2019Utilisateur a initialement exprim\u00e9s.<\/p>\n\n\n\n<ul class=\"wp-block-list\">\n<li><strong><u>Comment contacter DETECT\u2019FRAUDE ?<\/u><\/strong><\/li>\n<\/ul>\n\n\n\n<p>Si l\u2019Utilisateur a des questions sur cette politique cookies ou s\u2019il souhaite obtenir des informations compl\u00e9mentaires, il peut contacter DETECT\u2019FRAUDE par les moyens suivants :<\/p>\n\n\n\n<p>Courriel: &nbsp;&nbsp;&nbsp;&nbsp;&nbsp;&nbsp;&nbsp;&nbsp;&nbsp; <em>contact@detectfraude.fr<\/em><\/p>\n\n\n\n<p>Courrier&nbsp;: &nbsp;&nbsp;&nbsp;&nbsp;&nbsp;&nbsp;&nbsp;&nbsp; <em>76 Avenue Du G\u00e9n\u00e9ral Michel Bizot 75012 Paris, France<\/em><\/p>\n\n\n\n<p>T\u00e9l\u00e9phone&nbsp;: &nbsp;&nbsp;&nbsp;&nbsp; <em>07 59 67 68 26<\/em><\/p>\n\n\n\n<p>Version \u00e0 jour \u00e0 date du 22 05 2025<\/p>\n\n\n\n<p><a id=\"_msocom_2\"><\/a><\/p>\n","protected":false},"excerpt":{"rendered":"<p>POLITIQUE COOKIES[F1]&nbsp; La pr\u00e9sente politique cookies (ci-apr\u00e8s la \u00ab Politique cookies \u00bb) a pour objet d\u2019informer sur la mani\u00e8re dont [&hellip;]<\/p>\n","protected":false},"author":1,"featured_media":0,"parent":0,"menu_order":0,"comment_status":"closed","ping_status":"closed","template":"","meta":{"site-sidebar-layout":"default","site-content-layout":"","ast-site-content-layout":"default","site-content-style":"default","site-sidebar-style":"default","ast-global-header-display":"","ast-banner-title-visibility":"","ast-main-header-display":"","ast-hfb-above-header-display":"","ast-hfb-below-header-display":"","ast-hfb-mobile-header-display":"","site-post-title":"","ast-breadcrumbs-content":"","ast-featured-img":"","footer-sml-layout":"","theme-transparent-header-meta":"","adv-header-id-meta":"","stick-header-meta":"","header-above-stick-meta":"","header-main-stick-meta":"","header-below-stick-meta":"","astra-migrate-meta-layouts":"default","ast-page-background-enabled":"default","ast-page-background-meta":{"desktop":{"background-color":"var(--ast-global-color-4)","background-image":"","background-repeat":"repeat","background-position":"center center","background-size":"auto","background-attachment":"scroll","background-type":"","background-media":"","overlay-type":"","overlay-color":"","overlay-opacity":"","overlay-gradient":""},"tablet":{"background-color":"","background-image":"","background-repeat":"repeat","background-position":"center center","background-size":"auto","background-attachment":"scroll","background-type":"","background-media":"","overlay-type":"","overlay-color":"","overlay-opacity":"","overlay-gradient":""},"mobile":{"background-color":"","background-image":"","background-repeat":"repeat","background-position":"center center","background-size":"auto","background-attachment":"scroll","background-type":"","background-media":"","overlay-type":"","overlay-color":"","overlay-opacity":"","overlay-gradient":""}},"ast-content-background-meta":{"desktop":{"background-color":"var(--ast-global-color-5)","background-image":"","background-repeat":"repeat","background-position":"center center","background-size":"auto","background-attachment":"scroll","background-type":"","background-media":"","overlay-type":"","overlay-color":"","overlay-opacity":"","overlay-gradient":""},"tablet":{"background-color":"var(--ast-global-color-5)","background-image":"","background-repeat":"repeat","background-position":"center center","background-size":"auto","background-attachment":"scroll","background-type":"","background-media":"","overlay-type":"","overlay-color":"","overlay-opacity":"","overlay-gradient":""},"mobile":{"background-color":"var(--ast-global-color-5)","background-image":"","background-repeat":"repeat","background-position":"center center","background-size":"auto","background-attachment":"scroll","background-type":"","background-media":"","overlay-type":"","overlay-color":"","overlay-opacity":"","overlay-gradient":""}},"footnotes":""},"class_list":["post-101","page","type-page","status-publish","hentry"],"_links":{"self":[{"href":"https:\/\/detectfraude.fr\/index.php\/wp-json\/wp\/v2\/pages\/101","targetHints":{"allow":["GET"]}}],"collection":[{"href":"https:\/\/detectfraude.fr\/index.php\/wp-json\/wp\/v2\/pages"}],"about":[{"href":"https:\/\/detectfraude.fr\/index.php\/wp-json\/wp\/v2\/types\/page"}],"author":[{"embeddable":true,"href":"https:\/\/detectfraude.fr\/index.php\/wp-json\/wp\/v2\/users\/1"}],"replies":[{"embeddable":true,"href":"https:\/\/detectfraude.fr\/index.php\/wp-json\/wp\/v2\/comments?post=101"}],"version-history":[{"count":2,"href":"https:\/\/detectfraude.fr\/index.php\/wp-json\/wp\/v2\/pages\/101\/revisions"}],"predecessor-version":[{"id":104,"href":"https:\/\/detectfraude.fr\/index.php\/wp-json\/wp\/v2\/pages\/101\/revisions\/104"}],"wp:attachment":[{"href":"https:\/\/detectfraude.fr\/index.php\/wp-json\/wp\/v2\/media?parent=101"}],"curies":[{"name":"wp","href":"https:\/\/api.w.org\/{rel}","templated":true}]}}